{"id":2,"date":"2017-05-01T15:02:49","date_gmt":"2017-05-01T15:02:49","guid":{"rendered":"http:\/\/agban.hospedagemdesites.ws\/?page_id=2"},"modified":"2025-02-25T11:31:28","modified_gmt":"2025-02-25T13:31:28","slug":"sobre-agban","status":"publish","type":"page","link":"https:\/\/agban.org.br\/web\/sobre-agban\/","title":{"rendered":"Sobre AGBAN"},"content":{"rendered":"<div class=\"wpb-content-wrapper\"><p>[vc_row][vc_column][vc_column_text]<\/p>\n<h5>AGBAN (Associa\u00e7\u00e3o dos Funcion\u00e1rios das Empresas do Grupo Banrisul)<\/h5>\n<h5>Rua General Jo\u00e3o Manoel n\u00ba 50 Sala 410<br \/>\nPorto\u00a0Alegre\/RS<br \/>\nWhatsApp\/Fone: <strong>(51)\u00a03026.2871<\/strong><\/h5>\n<h5 class=\"x_m_3308671498912413270x_MsoNormal\"><i>A AGBAN \u2013 Associa\u00e7\u00e3o dos Funcion\u00e1rios das Empresas do Grupo Banrisul &#8211; foi fundada em 01\/05\/1976,quando se chamava ASBPD (Associa\u00e7\u00e3o dos Servidores da Banrisul Processamento de Dados).<\/i><\/h5>\n<h5 class=\"x_m_3308671498912413270x_MsoNormal\"><i>\u00c9 uma entidade legalmente constitu\u00edda, registrada sob CNPJ 88929435\/0001-66 e\u00a0tem por finalidade a defesa dos direitos e interesses dos seus associados.<\/i> <i>\u00a0<\/i><i>Com a incorpora\u00e7\u00e3o da BPD ao Banrisul, em 2000, houve mudan\u00e7as estatut\u00e1rias, passando ent\u00e3o para o nome\/sigla AGBAN. Por\u00e9m, foi somente a partir de 2008, com a elei\u00e7\u00e3o da gest\u00e3o 2009\/2010, que a AGBAN passou a contar em sua diretoria com colegas com origem tanto na ex-BPD quanto no Banrisul.<\/i> <i>\u00a0<\/i><\/h5>\n<h5 class=\"x_m_3308671498912413270x_MsoNormal\"><i>Em 2012, com a aproxima\u00e7\u00e3o do colega Wilson Ver\u00edssimo da Fonseca, veio \u00e0 tona a problem\u00e1tica do d\u00e9ficit do PB1, da Funda\u00e7\u00e3o Banrisul. A AGBAN abra\u00e7ou a causa defendida por Ver\u00edssimo: n\u00e3o aceitar a solu\u00e7\u00e3o que estava sendo constru\u00edda a quatro paredes de migra\u00e7\u00e3o para novos planos com redu\u00e7\u00e3o de direitos e dando \u201cquita\u00e7\u00e3o\u201d de todas as irregularidades denunciadas por ele.<\/i> <i>\u00a0<\/i><\/h5>\n<h5 class=\"x_m_3308671498912413270x_MsoNormal\"><i>Desta forma, desde 2012 tem recorrido ao poder judici\u00e1rio estadual e ao Minist\u00e9rio P\u00fablico Federal a fim de reverter a situa\u00e7\u00e3o extremamente injusta a qual os funcion\u00e1rios ativos e aposentados da Funda\u00e7\u00e3o Banrisul vem passando. Outras reivindica\u00e7\u00f5es tamb\u00e9m est\u00e3o em andamento na esfera jur\u00eddica e extra-jur\u00eddica, pois o nosso compromisso \u00e9 permanecer firme na luta \u00a0visando o conhecimento da verdade sobre o d\u00e9ficit do PB1.<\/i><\/h5>\n<h5 class=\"x_m_3308671498912413270x_MsoNormal\"><i><\/i><i>Seguindo sua hist\u00f3ria, a AGBAN leva o exemplo de Ver\u00edssimo, falecido em 07\/082013, de luta em busca de direitos e de justi\u00e7a, paradigmas que identificam a AGBAN.<\/i><\/h5>\n<h3>Fa\u00e7a o download do\u00a0<a href=\"http:\/\/agban.org.br\/web\/wp-content\/uploads\/2018\/10\/EstatutoAGBAN2018.pdf\">EstatutoAGBAN2018<\/a><\/h3>\n<p>[\/vc_column_text][\/vc_column][\/vc_row]<\/p>\n<\/div>","protected":false},"excerpt":{"rendered":"<p>[vc_row][vc_column][vc_column_text] AGBAN (Associa\u00e7\u00e3o dos Funcion\u00e1rios das Empresas do Grupo Banrisul) Rua General Jo\u00e3o Manoel n\u00ba 50 Sala 410 Porto\u00a0Alegre\/RS WhatsApp\/Fone:&#8230;<\/p>\n","protected":false},"author":1,"featured_media":3064,"parent":0,"menu_order":0,"comment_status":"closed","ping_status":"open","template":"","meta":[],"_links":{"self":[{"href":"https:\/\/agban.org.br\/web\/wp-json\/wp\/v2\/pages\/2"}],"collection":[{"href":"https:\/\/agban.org.br\/web\/wp-json\/wp\/v2\/pages"}],"about":[{"href":"https:\/\/agban.org.br\/web\/wp-json\/wp\/v2\/types\/page"}],"author":[{"embeddable":true,"href":"https:\/\/agban.org.br\/web\/wp-json\/wp\/v2\/users\/1"}],"replies":[{"embeddable":true,"href":"https:\/\/agban.org.br\/web\/wp-json\/wp\/v2\/comments?post=2"}],"version-history":[{"count":8,"href":"https:\/\/agban.org.br\/web\/wp-json\/wp\/v2\/pages\/2\/revisions"}],"predecessor-version":[{"id":5676,"href":"https:\/\/agban.org.br\/web\/wp-json\/wp\/v2\/pages\/2\/revisions\/5676"}],"wp:featuredmedia":[{"embeddable":true,"href":"https:\/\/agban.org.br\/web\/wp-json\/wp\/v2\/media\/3064"}],"wp:attachment":[{"href":"https:\/\/agban.org.br\/web\/wp-json\/wp\/v2\/media?parent=2"}],"curies":[{"name":"wp","href":"https:\/\/api.w.org\/{rel}","templated":true}]}}