{"id":2202,"date":"2016-11-18T16:45:25","date_gmt":"2016-11-18T09:45:25","guid":{"rendered":"https:\/\/magwp.thimpress.com\/magwp-4\/?page_id=2202"},"modified":"2021-04-30T20:56:22","modified_gmt":"2021-04-30T22:56:22","slug":"h0-full-option","status":"publish","type":"page","link":"https:\/\/agban.org.br\/web\/","title":{"rendered":"Home Agban"},"content":{"rendered":"<div class=\"wpb-content-wrapper\"><p>[vc_row 0=&#8221;&#8221;][vc_column 0=&#8221;&#8221;][vc_empty_space height=&#8221;30px&#8221;][vc_empty_space height=&#8221;30px&#8221;][\/vc_column][\/vc_row][vc_row 0=&#8221;&#8221;][vc_column 0=&#8221;&#8221;]<div class=\"thim-sc-featured-news   style5\">\n\t\t\t<div class=\"item\">\n\t\t\t<div class=\"thumbnail\">\n\t\t\t\t<img width=\"600\" height=\"440\"  src=\"https:\/\/agban.org.br\/web\/wp-content\/uploads\/2026\/04\/Dia-mundial-da-atividade-fisica-600x440.png\" data-src=\"https:\/\/agban.org.br\/web\/wp-content\/uploads\/2026\/04\/Dia-mundial-da-atividade-fisica-600x440.png\" alt=\"Dia Mundial da Atividade F\u00edsica\" class=\"lazy-hidden\"><a href=\"https:\/\/agban.org.br\/web\/2026\/04\/06\/dia-mundial-da-atividade-fisica\/\" class=\"img-link\"><\/a>\t\t\t<\/div>\n\t\t\t<div class=\"content\">\n\t\t\t\t<div class=\"meta\">\n\t\t\t\t\t\t\t\t\t\t<div class=\"meta-category\"><a href=\"https:\/\/agban.org.br\/web\/category\/agban-2026\/\">AGBAN 2026<\/a><\/div>\t\t\t\t<\/div>\n\t\t\t\t<h5 class=\"title\">\n\t\t\t\t\t<a href=\"https:\/\/agban.org.br\/web\/2026\/04\/06\/dia-mundial-da-atividade-fisica\/\">Dia Mundial da Atividade F\u00edsica<\/a>\n\t\t\t\t<\/h5>\n\t\t\t\t<div class=\"meta\">\n\t\t\t\t\t<span class=\"author vcard\"><i class=\"fa fa-user\"><\/i><a href=\"https:\/\/agban.org.br\/web\/author\/rp-agban\/\" rel=\"author\">Marketing<\/a><\/span>\t\t\t\t\t<span class=\"date\"><span class=\"entry-date\"><a href=\"https:\/\/agban.org.br\/web\/2026\/04\/06\/dia-mundial-da-atividade-fisica\/\"><i class=\"fa fa-clock-o\"><\/i>6 de abril de 2026<\/a><\/span><\/span>\n\t\t\t\t<\/div>\n\t\t\t\t<div class=\"excerpt\">\n\t\t\t\t\t\t\t\t\t<\/div>\n\t\t\t<\/div>\n\n\t\t<\/div>\n\t\t\t\t<div class=\"item\">\n\t\t\t<div class=\"thumbnail\">\n\t\t\t\t<img width=\"550\" height=\"210\"  src=\"https:\/\/agban.org.br\/web\/wp-content\/uploads\/2026\/04\/Amplie-convenios-e-ganhe-isencao-550x210.png\" data-src=\"https:\/\/agban.org.br\/web\/wp-content\/uploads\/2026\/04\/Amplie-convenios-e-ganhe-isencao-550x210.png\" alt=\"Sugira conv\u00eanios e ganhe isen\u00e7\u00e3o da mensalidade\" class=\"lazy-hidden\"><a href=\"https:\/\/agban.org.br\/web\/2026\/04\/05\/sugira-convenios-e-ganhe-isencao-da-mensalidade\/\" class=\"img-link\"><\/a>\t\t\t<\/div>\n\t\t\t<div class=\"content\">\n\t\t\t\t<div class=\"meta\">\n\t\t\t\t\t\t\t\t\t\t<div class=\"meta-category\"><a href=\"https:\/\/agban.org.br\/web\/category\/acoes-agban\/\">A\u00e7\u00f5es Agban<\/a><\/div>\t\t\t\t<\/div>\n\t\t\t\t<h5 class=\"title\">\n\t\t\t\t\t<a href=\"https:\/\/agban.org.br\/web\/2026\/04\/05\/sugira-convenios-e-ganhe-isencao-da-mensalidade\/\">Sugira conv\u00eanios e ganhe isen\u00e7\u00e3o da mensalidade<\/a>\n\t\t\t\t<\/h5>\n\t\t\t\t<div class=\"meta\">\n\t\t\t\t\t<span class=\"author vcard\"><i class=\"fa fa-user\"><\/i><a href=\"https:\/\/agban.org.br\/web\/author\/rp-agban\/\" rel=\"author\">Marketing<\/a><\/span>\t\t\t\t\t<span class=\"date\"><span class=\"entry-date\"><a href=\"https:\/\/agban.org.br\/web\/2026\/04\/05\/sugira-convenios-e-ganhe-isencao-da-mensalidade\/\"><i class=\"fa fa-clock-o\"><\/i>5 de abril de 2026<\/a><\/span><\/span>\n\t\t\t\t<\/div>\n\t\t\t\t<div class=\"excerpt\">\n\t\t\t\t\t\t\t\t\t<\/div>\n\t\t\t<\/div>\n\n\t\t<\/div>\n\t\t\t\t<div class=\"item\">\n\t\t\t<div class=\"thumbnail\">\n\t\t\t\t<img width=\"550\" height=\"210\"  src=\"https:\/\/agban.org.br\/web\/wp-content\/uploads\/2026\/04\/carteirinha-550x180.jpeg\" data-src=\"https:\/\/agban.org.br\/web\/wp-content\/uploads\/2026\/04\/carteirinha-550x180.jpeg\" alt=\"Carteirinhas da AGBAN est\u00e3o prontas\" class=\"lazy-hidden\"><a href=\"https:\/\/agban.org.br\/web\/2026\/04\/02\/carteirinhas-da-agban-estao-prontas\/\" class=\"img-link\"><\/a>\t\t\t<\/div>\n\t\t\t<div class=\"content\">\n\t\t\t\t<div class=\"meta\">\n\t\t\t\t\t\t\t\t\t\t<div class=\"meta-category\"><a href=\"https:\/\/agban.org.br\/web\/category\/acoes-agban\/\">A\u00e7\u00f5es Agban<\/a><\/div>\t\t\t\t<\/div>\n\t\t\t\t<h5 class=\"title\">\n\t\t\t\t\t<a href=\"https:\/\/agban.org.br\/web\/2026\/04\/02\/carteirinhas-da-agban-estao-prontas\/\">Carteirinhas da AGBAN est\u00e3o prontas<\/a>\n\t\t\t\t<\/h5>\n\t\t\t\t<div class=\"meta\">\n\t\t\t\t\t<span class=\"author vcard\"><i class=\"fa fa-user\"><\/i><a href=\"https:\/\/agban.org.br\/web\/author\/rp-agban\/\" rel=\"author\">Marketing<\/a><\/span>\t\t\t\t\t<span class=\"date\"><span class=\"entry-date\"><a href=\"https:\/\/agban.org.br\/web\/2026\/04\/02\/carteirinhas-da-agban-estao-prontas\/\"><i class=\"fa fa-clock-o\"><\/i>2 de abril de 2026<\/a><\/span><\/span>\n\t\t\t\t<\/div>\n\t\t\t\t<div class=\"excerpt\">\n\t\t\t\t\t\t\t\t\t<\/div>\n\t\t\t<\/div>\n\n\t\t<\/div>\n\t\t<\/div>[vc_empty_space height=&#8221;40px&#8221;][\/vc_column][\/vc_row][vc_row 0=&#8221;&#8221;][vc_column width=&#8221;2\/3&#8243; offset=&#8221;vc_col-md-9 vc_col-xs-12&#8243;]<div class=\"thim-sc-news layout-list    navpos-\"\n     data-max-page=\"86\"\n     data-infinity=\"\"\n     data-params='{\"title\":\"Destaques\",\"title_size\":\"20\",\"layout\":\"layout-list\",\"category\":\"0\",\"post_format\":\"\",\"column\":\"1\",\"pagination\":\"\",\"navigation\":\"\",\"filter\":\"yes\",\"infinity\":\"\",\"searchbox\":\"\",\"thumbnail_size\":\"420x250\",\"excerpt_length\":\"50\",\"display_category\":\"after-title\",\"display_author\":\"no\",\"display_date\":\"yes\",\"category_number\":5,\"display_ratings\":\"\",\"display_share\":\"no\",\"share_style\":\"all\",\"meta_icon\":\"\",\"meta_position\":\"after_title\",\"display_comment\":\"\",\"post_title_size\":\"25\",\"post_title_color\":\"\",\"post_title_line_height\":\"\",\"posts_per_page\":\"3\",\"orderby\":\"date\",\"order\":\"DESC\",\"ads\":\"\",\"ad_type\":\"advert\",\"ad_id\":\"\",\"item_style\":\"\",\"widget_area\":\"\",\"widget_area_id\":\"\",\"item_category_number\":\"1\",\"trending\":\"no\",\"primary_color_drop\":\"default\",\"primary_color\":\"\",\"el_class\":\"\",\"sc-name\":\"news\",\"current_page\":1}' id=\"thim_69f9a4775144f\"\n>\n\t\t<h3 class=\"sc-title\">\n\t\t\t\t<span class=\"title\">\n\t\t\t\t\t\tDestaques\t\t\t\t\t\t<span class=\"line\"><\/span>\n\t\t<\/span>\n\t<\/h3>\n\n\t\t\t\t<div class=\"nav-filter \">\n\t\t<ul class=\"cat-list\"><li class=\"cat-item current\"><a data-cat=\"0\">All<\/a><\/li><li class=\"cat-item\"><a data-cat=\"acoes-agban\">A\u00e7\u00f5es Agban<\/a><\/li><li class=\"cat-item\"><a data-cat=\"agban-2026\">AGBAN 2026<\/a><\/li><li class=\"cat-item\"><a data-cat=\"associado\">Associado<\/a><\/li><\/ul><div class=\"cat-dropdown\"><div class=\"cat-more\"><span>More<i class=\"fa fa-caret-down\"><\/i><\/span><\/div><ul class=\"pulldown-list\"><li class=\"cat-item\"><a data-cat=\"beneficios\">Benef\u00edcios<\/a><\/li><li class=\"cat-item\"><a data-cat=\"cabergs\">CABERGS<\/a><\/li><li class=\"cat-item\"><a data-cat=\"cabergs-saude\">Cabergs Sa\u00fade<\/a><\/li><li class=\"cat-item\"><a data-cat=\"destaque\">Destaque<\/a><\/li><li class=\"cat-item\"><a data-cat=\"eleicoes\">Elei\u00e7\u00f5es<\/a><\/li><li class=\"cat-item\"><a data-cat=\"fbss\">FBSS<\/a><\/li><li class=\"cat-item\"><a data-cat=\"importante\">Importante<\/a><\/li><li class=\"cat-item\"><a data-cat=\"juridico\">Jur\u00eddico<\/a><\/li><li class=\"cat-item\"><a data-cat=\"noticias\">Not\u00edcias<\/a><\/li><li class=\"cat-item\"><a data-cat=\"tema-livre\">Tema Livre<\/a><\/li><\/ul><\/div>\t<\/div>\n\t\n\t\n\t\n\t\t\t<div class=\"loop-wrapper\">\n\t\t\t\n<div class=\"sc-loop row columns-1\">\n\t\n\t\n\t\n\t\t\t\n\n\t\t\t<div class=\"item col-md-12  first  last  catpos-after-title post-6060 post type-post status-publish format-standard has-post-thumbnail hentry category-agban-2026 category-destaque tag-agban-2026 tag-dia-mundial-da-atividade-fisica sticky\" >\n\t\t\t\t<div class=\"item-inner\">\n\t\t\t\t\t<div class=\"thumbnail\">\n\t\t\t\t\t\t<img src=\"https:\/\/agban.org.br\/web\/wp-content\/uploads\/2026\/04\/Dia-mundial-da-atividade-fisica-480x286.png\" alt=\"Dia Mundial da Atividade F\u00edsica\" class=\"thim-mobile-thumbnail\">\n\t\t\t\t\t\t<img width=\"420\" height=\"250\"  src=\"https:\/\/agban.org.br\/web\/wp-content\/uploads\/2026\/04\/Dia-mundial-da-atividade-fisica-420x250.png\" data-src=\"https:\/\/agban.org.br\/web\/wp-content\/uploads\/2026\/04\/Dia-mundial-da-atividade-fisica-420x250.png\" alt=\"Dia Mundial da Atividade F\u00edsica\" class=\"lazy-hidden\"><a href=\"https:\/\/agban.org.br\/web\/2026\/04\/06\/dia-mundial-da-atividade-fisica\/\" class=\"img-link\"><\/a>\n\t\t\t\t\t\t<a class=\"img-link\" href=\" https:\/\/agban.org.br\/web\/2026\/04\/06\/dia-mundial-da-atividade-fisica\/\"><\/a>\n\n\t\t\t\t\t\t\t\t\t\t\t\t\t\t\t\t\t<\/div>\n\t\t\t\t\t<div class=\"content\">\n\t\t\t\t\t\t\t\t\t\t\t\t\t<div class=\"meta-category\"><a href=\"https:\/\/agban.org.br\/web\/category\/agban-2026\/\">AGBAN 2026<\/a><\/div>\t\t\t\t\t\t\n\t\t\t\t\t\t<h5 class=\"title\">\n\t<a href=\"https:\/\/agban.org.br\/web\/2026\/04\/06\/dia-mundial-da-atividade-fisica\/\">\n\t\tDia Mundial da Atividade F\u00edsica\t<\/a>\n<\/h5>\n\t\t\t\t\t\t\t\t\t\t\t\t\t<div class=\"meta\">\n\t\t\t\t\t\t\t\t\n\t<span class=\"date\"><span class=\"entry-date\"><a href=\"https:\/\/agban.org.br\/web\/2026\/04\/06\/dia-mundial-da-atividade-fisica\/\"><i class=\"fa fa-clock-o\"><\/i>6 de abril de 2026<\/a><\/span><\/span>\n\n\n\t\t\t\t\t\t\t\t\t\t\t\t\t\t\t\t<\/div>\n\t\t\t\t\t\t\n\t\t\t\t\t\t\n\t\t\t\t\t\t\t\t\t\t\t\t\t<div class=\"excerpt\">\n\t\t\t\t\t\t\t\t\t\t\t\t\t\t\t<\/div>\n\t\t\t\t\t\t\n\t\t\t\t\t\t\n\t\t\t\t\t\t\n\t\t\t\t\t<\/div>\n\t\t\t\t<\/div>\n\t\t\t<\/div>\n\t\t\t\n\t\t\t\n\n\t\t\t<div class=\"item col-md-12  first  last  catpos-after-title post-6057 post type-post status-publish format-standard has-post-thumbnail hentry category-acoes-agban category-agban-2026 category-destaque tag-agban-2026 tag-convenios tag-isencao-mensalidade tag-sugestao-convenios sticky\" >\n\t\t\t\t<div class=\"item-inner\">\n\t\t\t\t\t<div class=\"thumbnail\">\n\t\t\t\t\t\t<img src=\"https:\/\/agban.org.br\/web\/wp-content\/uploads\/2026\/04\/Amplie-convenios-e-ganhe-isencao-480x286.png\" alt=\"Sugira conv\u00eanios e ganhe isen\u00e7\u00e3o da mensalidade\" class=\"thim-mobile-thumbnail\">\n\t\t\t\t\t\t<img width=\"420\" height=\"250\"  src=\"https:\/\/agban.org.br\/web\/wp-content\/uploads\/2026\/04\/Amplie-convenios-e-ganhe-isencao-420x250.png\" data-src=\"https:\/\/agban.org.br\/web\/wp-content\/uploads\/2026\/04\/Amplie-convenios-e-ganhe-isencao-420x250.png\" alt=\"Sugira conv\u00eanios e ganhe isen\u00e7\u00e3o da mensalidade\" class=\"lazy-hidden\"><a href=\"https:\/\/agban.org.br\/web\/2026\/04\/05\/sugira-convenios-e-ganhe-isencao-da-mensalidade\/\" class=\"img-link\"><\/a>\n\t\t\t\t\t\t<a class=\"img-link\" href=\" https:\/\/agban.org.br\/web\/2026\/04\/05\/sugira-convenios-e-ganhe-isencao-da-mensalidade\/\"><\/a>\n\n\t\t\t\t\t\t\t\t\t\t\t\t\t\t\t\t\t<\/div>\n\t\t\t\t\t<div class=\"content\">\n\t\t\t\t\t\t\t\t\t\t\t\t\t<div class=\"meta-category\"><a href=\"https:\/\/agban.org.br\/web\/category\/acoes-agban\/\">A\u00e7\u00f5es Agban<\/a><\/div>\t\t\t\t\t\t\n\t\t\t\t\t\t<h5 class=\"title\">\n\t<a href=\"https:\/\/agban.org.br\/web\/2026\/04\/05\/sugira-convenios-e-ganhe-isencao-da-mensalidade\/\">\n\t\tSugira conv\u00eanios e ganhe isen\u00e7\u00e3o da mensalidade\t<\/a>\n<\/h5>\n\t\t\t\t\t\t\t\t\t\t\t\t\t<div class=\"meta\">\n\t\t\t\t\t\t\t\t\n\t<span class=\"date\"><span class=\"entry-date\"><a href=\"https:\/\/agban.org.br\/web\/2026\/04\/05\/sugira-convenios-e-ganhe-isencao-da-mensalidade\/\"><i class=\"fa fa-clock-o\"><\/i>5 de abril de 2026<\/a><\/span><\/span>\n\n\n\t\t\t\t\t\t\t\t\t\t\t\t\t\t\t\t<\/div>\n\t\t\t\t\t\t\n\t\t\t\t\t\t\n\t\t\t\t\t\t\t\t\t\t\t\t\t<div class=\"excerpt\">\n\t\t\t\t\t\t\t\t\t\t\t\t\t\t\t<\/div>\n\t\t\t\t\t\t\n\t\t\t\t\t\t\n\t\t\t\t\t\t\n\t\t\t\t\t<\/div>\n\t\t\t\t<\/div>\n\t\t\t<\/div>\n\t\t\t\n\t\t\t\n\n\t\t\t<div class=\"item col-md-12  first  last  catpos-after-title post-6053 post type-post status-publish format-standard has-post-thumbnail hentry category-acoes-agban category-agban-2026 category-beneficios category-destaque tag-agban-2026 tag-carteirinhas tag-convenios-2 sticky\" >\n\t\t\t\t<div class=\"item-inner\">\n\t\t\t\t\t<div class=\"thumbnail\">\n\t\t\t\t\t\t<img src=\"\" alt=\"Carteirinhas da AGBAN est\u00e3o prontas\" class=\"thim-mobile-thumbnail\">\n\t\t\t\t\t\t<img width=\"420\" height=\"250\"  src=\"https:\/\/agban.org.br\/web\/wp-content\/uploads\/2026\/04\/carteirinha-420x180.jpeg\" data-src=\"https:\/\/agban.org.br\/web\/wp-content\/uploads\/2026\/04\/carteirinha-420x180.jpeg\" alt=\"Carteirinhas da AGBAN est\u00e3o prontas\" class=\"lazy-hidden\"><a href=\"https:\/\/agban.org.br\/web\/2026\/04\/02\/carteirinhas-da-agban-estao-prontas\/\" class=\"img-link\"><\/a>\n\t\t\t\t\t\t<a class=\"img-link\" href=\" https:\/\/agban.org.br\/web\/2026\/04\/02\/carteirinhas-da-agban-estao-prontas\/\"><\/a>\n\n\t\t\t\t\t\t\t\t\t\t\t\t\t\t\t\t\t<\/div>\n\t\t\t\t\t<div class=\"content\">\n\t\t\t\t\t\t\t\t\t\t\t\t\t<div class=\"meta-category\"><a href=\"https:\/\/agban.org.br\/web\/category\/acoes-agban\/\">A\u00e7\u00f5es Agban<\/a><\/div>\t\t\t\t\t\t\n\t\t\t\t\t\t<h5 class=\"title\">\n\t<a href=\"https:\/\/agban.org.br\/web\/2026\/04\/02\/carteirinhas-da-agban-estao-prontas\/\">\n\t\tCarteirinhas da AGBAN est\u00e3o prontas\t<\/a>\n<\/h5>\n\t\t\t\t\t\t\t\t\t\t\t\t\t<div class=\"meta\">\n\t\t\t\t\t\t\t\t\n\t<span class=\"date\"><span class=\"entry-date\"><a href=\"https:\/\/agban.org.br\/web\/2026\/04\/02\/carteirinhas-da-agban-estao-prontas\/\"><i class=\"fa fa-clock-o\"><\/i>2 de abril de 2026<\/a><\/span><\/span>\n\n\n\t\t\t\t\t\t\t\t\t\t\t\t\t\t\t\t<\/div>\n\t\t\t\t\t\t\n\t\t\t\t\t\t\n\t\t\t\t\t\t\t\t\t\t\t\t\t<div class=\"excerpt\">\n\t\t\t\t\t\t\t\t\t\t\t\t\t\t\t<\/div>\n\t\t\t\t\t\t\n\t\t\t\t\t\t\n\t\t\t\t\t\t\n\t\t\t\t\t<\/div>\n\t\t\t\t<\/div>\n\t\t\t<\/div>\n\t\t\t\n\t\n\t<\/div>\t\t<\/div>\n\t\n\t\n\t<div class=\"thim-icon-loading\">\n<div class=\"sk-chasing-dots\">\n\t<div class=\"sk-child sk-dot1\"><\/div>\n\t<div class=\"sk-child sk-dot2\"><\/div>\n<\/div><!-- .sk-chasing-dots --><\/div>\n\t\n<\/div>[vc_empty_space height=&#8221;35px&#8221; el_class=&#8221;hidden-md&#8221;][vc_empty_space height=&#8221;30px&#8221;][\/vc_column][vc_column css_animation=&#8221;bounceInUp&#8221; width=&#8221;1\/3&#8243; offset=&#8221;vc_col-md-3 vc_col-xs-12&#8243;]<div class=\"thim-sc-smart-news default \"\n     data-params='{\"title\":\"Mais Acessados\",\"title_size\":\"20\",\"thumbnail_size\":\"280x120\",\"total_item\":\"3\",\"display_date\":\"no\",\"display_category\":\"no\",\"display_views\":\"no\",\"loadmore\":\"yes\",\"navigation\":\"yes\",\"style\":\"default\",\"display_rank\":\"\",\"el_class\":\"\",\"page\":1,\"current_page\":1,\"sc-name\":\"smart-news\"}' id=\"thim_69f9a4775de1b\" data-max-page='4' data-page='1'\n>\n\t\t<h3 class=\"sc-title\">\n\t\t\t\t<span class=\"title\">\n\t\t\t\t\t\tMais Acessados\t\t\t\t\t\t<span class=\"line\"><\/span>\n\t\t<\/span>\n\t<\/h3>\n\t<div class=\"sc-loop\">\n\t\t\t\t<div class=\"item post-5165 post type-post status-publish format-standard has-post-thumbnail hentry category-tema-livre trending\" data-rank=\"1\">\n\t\t\t<div class=\"thumbnail\">\n\t\t\t\t\n\t\t\t\t<img width=\"280\" height=\"120\"  src=\"https:\/\/agban.org.br\/web\/wp-content\/uploads\/2020\/09\/23-280x120.jpg\" data-src=\"https:\/\/agban.org.br\/web\/wp-content\/uploads\/2020\/09\/23-280x120.jpg\" alt=\"Feliz Dia da Secret\u00e1ria!\" class=\"lazy-hidden\"><a href=\"https:\/\/agban.org.br\/web\/2020\/09\/30\/feliz-dia-da-secretaria\/\" class=\"img-link\"><\/a>\n\t\t\t\t<a class=\"img-link\" href=\" https:\/\/agban.org.br\/web\/2020\/09\/30\/feliz-dia-da-secretaria\/\"><\/a>\n\t\t\t\t\t\t\t<\/div>\n\t\t\t<div class=\"content\">\n\t\t\t\t<h5 class=\"title\">\n\t\t\t\t\t<a href=\"https:\/\/agban.org.br\/web\/2020\/09\/30\/feliz-dia-da-secretaria\/\">Feliz Dia da Secret\u00e1ria!<\/a>\n\t\t\t\t<\/h5>\n\t\t\t\t<div class=\"meta\">\n\t\t\t\t\t\n\t\t\t\t\t\t\t\t\t<\/div>\n\t\t\t<\/div>\n\n\t\t<\/div>\n\t\t\t\t<div class=\"item post-5586 post type-post status-publish format-standard has-post-thumbnail hentry category-acoes-agban category-associado category-destaque trending\" data-rank=\"2\">\n\t\t\t<div class=\"thumbnail\">\n\t\t\t\t\n\t\t\t\t<img width=\"280\" height=\"120\"  src=\"https:\/\/agban.org.br\/web\/wp-content\/uploads\/2024\/10\/6_1-280x120.png\" data-src=\"https:\/\/agban.org.br\/web\/wp-content\/uploads\/2024\/10\/6_1-280x120.png\" alt=\"Reuni\u00e3o on-line 09\/10, quarta, \u00e0s 10h: esclarecimentos sobre o resultado da senten\u00e7a da A\u00e7\u00e3o Civil P\u00fablica em primeira inst\u00e2ncia.\" class=\"lazy-hidden\"><a href=\"https:\/\/agban.org.br\/web\/2024\/10\/08\/reuniao-on-line-09-10-quarta-as-10h-esclarecimentos-sobre-o-resultado-da-sentenca-da-acao-civil-publica-em-primeira-instancia\/\" class=\"img-link\"><\/a>\n\t\t\t\t<a class=\"img-link\" href=\" https:\/\/agban.org.br\/web\/2024\/10\/08\/reuniao-on-line-09-10-quarta-as-10h-esclarecimentos-sobre-o-resultado-da-sentenca-da-acao-civil-publica-em-primeira-instancia\/\"><\/a>\n\t\t\t\t\t\t\t<\/div>\n\t\t\t<div class=\"content\">\n\t\t\t\t<h5 class=\"title\">\n\t\t\t\t\t<a href=\"https:\/\/agban.org.br\/web\/2024\/10\/08\/reuniao-on-line-09-10-quarta-as-10h-esclarecimentos-sobre-o-resultado-da-sentenca-da-acao-civil-publica-em-primeira-instancia\/\">Reuni\u00e3o on-line 09\/10, quarta, \u00e0s 10h: esclarecimentos sobre o resultado da senten\u00e7a da A\u00e7\u00e3o Civil P\u00fablica em primeira inst\u00e2ncia.<\/a>\n\t\t\t\t<\/h5>\n\t\t\t\t<div class=\"meta\">\n\t\t\t\t\t\n\t\t\t\t\t\t\t\t\t<\/div>\n\t\t\t<\/div>\n\n\t\t<\/div>\n\t\t\t\t<div class=\"item post-3441 post type-post status-publish format-standard has-post-thumbnail hentry category-associado category-destaque trending\" data-rank=\"3\">\n\t\t\t<div class=\"thumbnail\">\n\t\t\t\t\n\t\t\t\t<img width=\"280\" height=\"120\"  src=\"https:\/\/agban.org.br\/web\/wp-content\/uploads\/2018\/10\/Post_08_10-280x120.jpg\" data-src=\"https:\/\/agban.org.br\/web\/wp-content\/uploads\/2018\/10\/Post_08_10-280x120.jpg\" alt=\"Lembre-se de manter seus dados cadastrais atualizados.\" class=\"lazy-hidden\"><a href=\"https:\/\/agban.org.br\/web\/2018\/10\/06\/lembre-se-de-manter-seus-dados-cadastrais-atualizados\/\" class=\"img-link\"><\/a>\n\t\t\t\t<a class=\"img-link\" href=\" https:\/\/agban.org.br\/web\/2018\/10\/06\/lembre-se-de-manter-seus-dados-cadastrais-atualizados\/\"><\/a>\n\t\t\t\t\t\t\t<\/div>\n\t\t\t<div class=\"content\">\n\t\t\t\t<h5 class=\"title\">\n\t\t\t\t\t<a href=\"https:\/\/agban.org.br\/web\/2018\/10\/06\/lembre-se-de-manter-seus-dados-cadastrais-atualizados\/\">Lembre-se de manter seus dados cadastrais atualizados.<\/a>\n\t\t\t\t<\/h5>\n\t\t\t\t<div class=\"meta\">\n\t\t\t\t\t\n\t\t\t\t\t\t\t\t\t<\/div>\n\t\t\t<\/div>\n\n\t\t<\/div>\n\t\t\n\t<div class=\"page-navigation\">\n\t\t<span class=\"nav nav-prev disabled\" data-page=\"0\"><i class=\"fa fa-caret-left\"><\/i><\/span><span class=\"nav nav-next \" data-page=\"2\"><i class=\"fa fa-caret-right\"><\/i><\/span>\t<\/div>\n\n\t<span class=\"load-more\">Load More<\/span>\n\t<\/div>\n\n\t<div class=\"thim-icon-loading\">\n<div class=\"sk-chasing-dots\">\n\t<div class=\"sk-child sk-dot1\"><\/div>\n\t<div class=\"sk-child sk-dot2\"><\/div>\n<\/div><!-- .sk-chasing-dots --><\/div><\/div>\n[vc_empty_space height=&#8221;20px&#8221;][\/vc_column][\/vc_row][vc_row 0=&#8221;&#8221;][vc_column 0=&#8221;&#8221;][vc_empty_space height=&#8221;40px&#8221;][\/vc_column][\/vc_row][vc_row][vc_column width=&#8221;1\/4&#8243;][vc_raw_html][\/vc_raw_html][\/vc_column][vc_column width=&#8221;1\/2&#8243;][vc_raw_html css=&#8221;.vc_custom_1535937350044{margin: 50px !important;}&#8221;]JTNDZGl2JTIwaWQlM0QlMjJmYi1yb290JTIyJTNFJTNDJTJGZGl2JTNFJTBBJTNDc2NyaXB0JTNFJTI4ZnVuY3Rpb24lMjhkJTJDJTIwcyUyQyUyMGlkJTI5JTIwJTdCJTBBJTIwJTIwdmFyJTIwanMlMkMlMjBmanMlMjAlM0QlMjBkLmdldEVsZW1lbnRzQnlUYWdOYW1lJTI4cyUyOSU1QjAlNUQlM0IlMEElMjAlMjBpZiUyMCUyOGQuZ2V0RWxlbWVudEJ5SWQlMjhpZCUyOSUyOSUyMHJldHVybiUzQiUwQSUyMCUyMGpzJTIwJTNEJTIwZC5jcmVhdGVFbGVtZW50JTI4cyUyOSUzQiUyMGpzLmlkJTIwJTNEJTIwaWQlM0IlMEElMjAlMjBqcy5zcmMlMjAlM0QlMjAlMjdodHRwcyUzQSUyRiUyRmNvbm5lY3QuZmFjZWJvb2submV0JTJGcHRfQlIlMkZzZGsuanMlMjN4ZmJtbCUzRDElMjZ2ZXJzaW9uJTNEdjMuMSUyNmFwcElkJTNEMzUyNjU4MTYxNDg2NzgxJTI2YXV0b0xvZ0FwcEV2ZW50cyUzRDElMjclM0IlMEElMjAlMjBmanMucGFyZW50Tm9kZS5pbnNlcnRCZWZvcmUlMjhqcyUyQyUyMGZqcyUyOSUzQiUwQSU3RCUyOGRvY3VtZW50JTJDJTIwJTI3c2NyaXB0JTI3JTJDJTIwJTI3ZmFjZWJvb2stanNzZGslMjclMjklMjklM0IlM0MlMkZzY3JpcHQlM0UlMEElMEElM0NkaXYlMjBjbGFzcyUzRCUyMmZiLXBhZ2UlMjIlMjBkYXRhLWhyZWYlM0QlMjJodHRwcyUzQSUyRiUyRnd3dy5mYWNlYm9vay5jb20lMkZhZ2JhbmFzc29jaWFjYW8lMkYlMjIlMjBkYXRhLXdpZHRoJTNEJTIyNTAwJTIyJTIwZGF0YS1oZWlnaHQlM0QlMjI5MCUyMiUyMGRhdGEtc21hbGwtaGVhZGVyJTNEJTIyZmFsc2UlMjIlMjBkYXRhLWFkYXB0LWNvbnRhaW5lci13aWR0aCUzRCUyMnRydWUlMjIlMjBkYXRhLWhpZGUtY292ZXIlM0QlMjJmYWxzZSUyMiUyMGRhdGEtc2hvdy1mYWNlcGlsZSUzRCUyMnRydWUlMjIlM0UlM0NibG9ja3F1b3RlJTIwY2l0ZSUzRCUyMmh0dHBzJTNBJTJGJTJGd3d3LmZhY2Vib29rLmNvbSUyRmFnYmFuYXNzb2NpYWNhbyUyRiUyMiUyMGNsYXNzJTNEJTIyZmIteGZibWwtcGFyc2UtaWdub3JlJTIyJTNFJTNDYSUyMGhyZWYlM0QlMjJodHRwcyUzQSUyRiUyRnd3dy5mYWNlYm9vay5jb20lMkZhZ2JhbmFzc29jaWFjYW8lMkYlMjIlM0VBR0JBTiUyMC0lMjBBc3NvY2lhJUMzJUE3JUMzJUEzbyUyMGRvcyUyMEZ1bmNpb24lQzMlQTFyaW9zJTIwZGFzJTIwRW1wcmVzYXMlMjBkbyUyMEdydXBvJTIwQmFucmlzdWwlM0MlMkZhJTNFJTNDJTJGYmxvY2txdW90ZSUzRSUzQyUyRmRpdiUzRQ==[\/vc_raw_html][\/vc_column][vc_column width=&#8221;1\/4&#8243;][vc_raw_html]JTIw[\/vc_raw_html][\/vc_column][\/vc_row]<\/p>\n<\/div>","protected":false},"excerpt":{"rendered":"<p>[vc_row 0=&#8221;&#8221;][vc_column 0=&#8221;&#8221;][vc_empty_space height=&#8221;30px&#8221;][vc_empty_space height=&#8221;30px&#8221;][\/vc_column][\/vc_row][vc_row 0=&#8221;&#8221;][vc_column 0=&#8221;&#8221;][vc_empty_space height=&#8221;40px&#8221;][\/vc_column][\/vc_row][vc_row 0=&#8221;&#8221;][vc_column width=&#8221;2\/3&#8243; offset=&#8221;vc_col-md-9 vc_col-xs-12&#8243;][vc_empty_space height=&#8221;35px&#8221; el_class=&#8221;hidden-md&#8221;][vc_empty_space height=&#8221;30px&#8221;][\/vc_column][vc_column css_animation=&#8221;bounceInUp&#8221; width=&#8221;1\/3&#8243; offset=&#8221;vc_col-md-3 vc_col-xs-12&#8243;][vc_empty_space height=&#8221;20px&#8221;][\/vc_column][\/vc_row][vc_row&#8230;<\/p>\n","protected":false},"author":1,"featured_media":0,"parent":0,"menu_order":0,"comment_status":"closed","ping_status":"closed","template":"templates\/home-page.php","meta":[],"_links":{"self":[{"href":"https:\/\/agban.org.br\/web\/wp-json\/wp\/v2\/pages\/2202"}],"collection":[{"href":"https:\/\/agban.org.br\/web\/wp-json\/wp\/v2\/pages"}],"about":[{"href":"https:\/\/agban.org.br\/web\/wp-json\/wp\/v2\/types\/page"}],"author":[{"embeddable":true,"href":"https:\/\/agban.org.br\/web\/wp-json\/wp\/v2\/users\/1"}],"replies":[{"embeddable":true,"href":"https:\/\/agban.org.br\/web\/wp-json\/wp\/v2\/comments?post=2202"}],"version-history":[{"count":24,"href":"https:\/\/agban.org.br\/web\/wp-json\/wp\/v2\/pages\/2202\/revisions"}],"predecessor-version":[{"id":5278,"href":"https:\/\/agban.org.br\/web\/wp-json\/wp\/v2\/pages\/2202\/revisions\/5278"}],"wp:attachment":[{"href":"https:\/\/agban.org.br\/web\/wp-json\/wp\/v2\/media?parent=2202"}],"curies":[{"name":"wp","href":"https:\/\/api.w.org\/{rel}","templated":true}]}}