{"id":3070,"date":"2017-05-01T21:47:32","date_gmt":"2017-05-01T21:47:32","guid":{"rendered":"http:\/\/agban.org.br\/?page_id=3070"},"modified":"2025-05-27T21:30:46","modified_gmt":"2025-05-27T23:30:46","slug":"diretorias","status":"publish","type":"page","link":"https:\/\/agban.org.br\/web\/diretorias\/","title":{"rendered":"Diretorias"},"content":{"rendered":"\n<p><b>Atual Gest\u00e3o 2025\/2026<\/b><br><br>Presidente: Carlos Henrique de Almeida<br>Vice presidente: Jorge Luiz Moresco Nery<br>Diretor Financeiro: Luiz Cl\u00e1udio Bizarro<br>Secret\u00e1ria Geral: Rosana Pinheiro Marques<\/p>\n\n\n\n<p>Conselho Deliberativo Efetivos<\/p>\n\n\n\n<p>Yara Regina Zambrano Bifano<br>Cenira Ana Zanon de Souza<br>Ezequiel Souza Vargas<br>Arlindo Thomaz<br>F\u00e1tima Beatriz da Silva Nunes<\/p>\n\n\n\n<p>Conselho Deliberativo Suplentes<\/p>\n\n\n\n<p>Jo\u00e3o Get\u00falio Saucedo Pinheiro<br>Silvia Maria Lucchese Gusm\u00e3o<\/p>\n\n\n\n<p>Conselho Fiscal Efetivos<\/p>\n\n\n\n<p>Leonir Ricardo Moschen<br>Paulo de Souza e Silva<br>Silvia Maria de Mello<\/p>\n\n\n\n<p>Conselho Fiscal Suplentes<\/p>\n\n\n\n<p>Jo\u00e3o Ivo Correa<br>Elisabete Teresinha\u00a0\u00a0Ranieski<\/p>\n\n\n\n<p><\/p>\n\n\n\n<hr class=\"wp-block-separator has-alpha-channel-opacity\"\/>\n\n\n\n<p><strong>Gest\u00e3o 2023\/2024<\/strong><\/p>\n\n\n\n<p>DIRETORIA EXECUTIVA<br>Presidente: Jorge Luiz Neves<br>Vice-Presidente: Analice Prochnow Leit\u00e3o<br>Diretor Financeiro: Auri Ant\u00f4nio Brun<br>Secret\u00e1ria Geral: Dirce Gomes<\/p>\n\n\n\n<p>CONSELHO DELIBERATIVO<br>Conselho Deliberativo Efetivo: Herondina Marun Faad<br>Conselho Deliberativo Efetivo: Luiz Colombo Filho<br>Conselho Deliberativo Efetivo: Jos\u00e9 Cheade Marum Faad<br>Conselho Deliberativo Efetivo: Reinaldo Rezende Viegas Filho<br>Conselho Deliberativo Efetivo: T\u00e2nia Elisa Boher Medeiros<br>Conselho Deliberativo Suplente: Ana Paula Pereira Barreto<br>Conselho Deliberativo Suplente: Ednelza Cidade de Azevedo<\/p>\n\n\n\n<p>CONSELHO FISCAL<br>Conselho Fiscal Efetivo: Valda Maria de Oliveira Echauri<br>Conselho Fiscal Efetivo: Leandro Zanetti Paiva da Rosa<br>Conselho Fiscal Efetivo: Ant\u00f4nio Domingo Duarte<br>Conselho Fiscal Suplente: Joel Corleta Martins<br>Conselho Fiscal Suplente: Edson Gon\u00e7alves Machado<\/p>\n\n\n\n<hr class=\"wp-block-separator has-alpha-channel-opacity\"\/>\n\n\n\n<h3 class=\"wp-block-heading\">Hist\u00f3rico das diretorias<\/h3>\n\n\n\n<h3 class=\"wp-block-heading\">1\u00aa Diretoria ( 01\/05\/1976)<\/h3>\n\n\n\n<p>S\u00e9rgio Renato da Rosa Mendes \u2013 Presidente<br>Pedro Paulo Chassot \u2013 Vice- Presidente<br>Jos\u00e9 Natal Paproki \u2013 Secretario geral<br>Airton Jos\u00e9 Soares Granja &#8211; Diretor de Esportes<br>Leila Rosano Camino Boaz -Diretor de Divulga\u00e7\u00e3o e Rela\u00e7\u00f5es P\u00fablicas<br>Paulo Roberto Viana -Tesoureiro Geral<br>Luiz Ant\u00f4nio Pain dos Santos &#8211; 1\u00ba Secret\u00e1rio<br>Lema Rosa de Paula Santos &#8211; 1\u00ba Tesoureiro<\/p>\n\n\n\n<p>Conselho deliberativo:<\/p>\n\n\n\n<p>Wilson Jos\u00e9 Bellei<br>Airton Jos\u00e9 Soares Granja<br>Jos\u00e9 Natal Paproki<br>Paulo Roberto Vianna<br>Reinaldo Teruel Cardoso<br>C\u00e9sar Augusto Tejera de R\u00e9<br>Ant\u00f4nio Vicente Lima da Rosa<br>Mirna Isne de Souza Romero<br>Maria Elizabeth Barberena Magnoni<br>Jos\u00e9 Maria da Silva Abreu<\/p>\n\n\n\n<p>S\u00f3cios Fundadores<\/p>\n\n\n\n<p>Airton Jos\u00e9 Soares Granja<br>Eva Helena Mosselini Machado<br>Wilson Jos\u00e9 Bellei<br>Jos\u00e9 Natal Paproki<br>Paulo Roberto Vianna<br>Reinaldo Teruel Cardoso<br>C\u00e9sar Augusto Tejera de R\u00e9<br>Ant\u00f4nio Vicente Lima da Rosa<br>Mirna Isne de Souza Romero<br>Maria Elizabeth Barberena Magnoni<br>Jos\u00e9 Maria da Silva Abreu<br>S\u00e9rgio Renato da Rosa Mendes<\/p>\n\n\n\n<h3 class=\"wp-block-heading\">Ano 1984 &#8211; 02\/08\/84<\/h3>\n\n\n\n<p>Presidente Roni Marques Correa<br>Vice Presidente \u2013 Regis Nunes dos Santos<br>Secret\u00e1rio Geral \u2013 Paulo Aramis Menna Barreto<br>1\u00ba Secret\u00e1rio \u2013 Maria Ines da Silveira Bica<br>Tesoureiro Geral \u2013 C\u00e9sar Massagia<br>1\u00ba Tesoureiro \u2013 M\u00e1rio S\u00e9rgio Callegaro<br>Diretor de Secretaria de Cultura \u2013Jos\u00e9 Carlos Antunes<br>Diretor de Secretaria de Divulga\u00e7\u00e3o \u2013 S\u00e9rgio Leites Etchichury<br>Presidente do conselho \u2013 Ari Rog\u00e9rio de Marco<br>Vice presidente \u2013 Marlene Bevegnu<\/p>\n\n\n\n<p>Conselho Fiscal Suplentes<\/p>\n\n\n\n<p>Jo\u00e3o Carlos Furini<br>Roberto Carlos da Silva<br>Elen Garcia da Silveira<\/p>\n\n\n\n<h3 class=\"wp-block-heading\">Ano 1985 \u2013 Gest\u00e3o 86\/87<\/h3>\n\n\n\n<p>Associa\u00e7\u00e3o dos Funcion\u00e1rios da Banrisul Processamento de Dados<\/p>\n\n\n\n<p>Presidente \u2013 Ari Rog\u00e9rio de Marco<br>Vice Presidente \u2013 Luis Tadeu Belloni<br>Secret\u00e1rio Geral \u2013 Vanderlei Jo\u00e3o Argenton<br>1\u00ba Secret\u00e1rio \u2013 Veni Romilda Guasso<br>Tesoureiro Geral \u2013 Mario S\u00e9rgio Bastiani Gallegaro<br>1\u00ba Tesoureiro \u2013 Nilo Jos\u00e9 Pacheco Ferreira<br>Diretor de Cultura \u2013 Reinaldo de Almeida Fernandes<br>Diretor de Esportes \u2013 Jurandir Mello Florisbal<br>Diretor de Rela\u00e7\u00f5es P\u00fablicas e Divulga\u00e7\u00e3o \u2013 Maria In\u00eas da Silveira Bica<\/p>\n\n\n\n<p>Conselho Deliberativo Efetivos:<\/p>\n\n\n\n<p>Roni Marques Correa<br>R\u00e9gis Nunes Santos<br>Marlene Bevegnu<br>Carlos Alberto Beschorner<br>Jorge Fernando Caon Barros<br>Aloar Griggio Filho<br>Alexandre paulo camargo<br>S\u00e9rgio Leites Etchichury<\/p>\n\n\n\n<p>Conselho Deliberativo Suplentes:<\/p>\n\n\n\n<p>Jorge Marcelino Cunha Cavalheiro<br>Ilvio Machado Lopes<br>S\u00e9rgio Mauro Stifelmann<br>Francisco Cyrillo da Costa<br>Amaro da Silva de Souza<br>S\u00e9rgio Luiz Palermo<br>Jos\u00e9 Henrique Woelffel Vergo<br>Felicio Jos\u00e9 Dupont<\/p>\n\n\n\n<p>Conselho Fiscal Efetivo:<\/p>\n\n\n\n<p>Luiz Antonio Rodrigues Pereira<br>Cezar Honorino Motta Lima<br>Vitor Hugo Nunes de Oliveira<\/p>\n\n\n\n<p>Conselho Fiscal Suplentes:<\/p>\n\n\n\n<p>Ariane Inocente Luz<br>Paulo Roberto Konzen<br>Mari da Silva Lima<\/p>\n\n\n\n<h3 class=\"wp-block-heading\">Ano 1987 \u2013 Gest\u00e3o 88\/89<\/h3>\n\n\n\n<p>Presidente \u2013 Luis Tadeu belloni<br>Vice Presidente \u2013 Ezequiel Monteiro martins<br>Secretario \u2013 Jorge Andre Silveira Pires<br>1\u00ba secret\u00e1rio \u2013 Clarice Stimamiglio<br>Tesoureiro \u2013 Paulo Roberto Kunzen<br>1\u00ba Tesoureiro- Paulo de Souza Rodrigues<br>Diretor de Cultura \u2013 Geovani Ornelles da Silva<br>Diretor de Esportes \u2013 Jurandir Mello Florisbal<br>Diretor de rela\u00e7\u00f5es P\u00fablicas e Divulga\u00e7\u00e3o \u2013 Alexandre Lenzi da Silva<\/p>\n\n\n\n<p>Conselho Deliberativo Efetivos:<\/p>\n\n\n\n<p>Ari Rog\u00e9rio de marco<br>Carlos Alberto Beschorner<br>Teresa Maria Facchin<br>Wolney Ernesto Emil<br>Jossel Castilho Nunes<br>Maria Ines da Silveira Bica<br>Jorge Marcelino Cunha Cavalheiro<br>Cl\u00e1udio Roberto da Silva<br>Diana Maria Rezende Modena<br>Jorge Alberto Severo Gon\u00e7alves<\/p>\n\n\n\n<p>Conselho Deliberativo Suplentes:<\/p>\n\n\n\n<p>Felicio Jos\u00e9 Dupont<br>Ana L\u00facia Lopes Garcia<br>Lu\u00eds Ant\u00f4nio Rodrigues Pereira<br>Zilmino Jacedir Tartari<br>Cl\u00e9ber Augusto Fardin<br>Wilhamberg de Assis Granela<br>Warmir Roberto costa<br>Rosane Maria dos Santos Mendon\u00e7a<br>Alvaro Luiz do Amaral Ribeiro<br>Alexandre Luzzi Rodrigues<\/p>\n\n\n\n<p>Conselho Fiscal Efetivos:<\/p>\n\n\n\n<p>Amilcar Machado dos Santos<br>Jos\u00e9 Henrique Woelfell Vergo<br>Alberto Vieceli Filho<\/p>\n\n\n\n<p>Conselho Fiscal Suplentes:<\/p>\n\n\n\n<p>Eric Krieger Von Borowski<br>Vicente Gustavo do Amaral Pires<br>Ilvio Machado Lopes<\/p>\n\n\n\n<h3 class=\"wp-block-heading\">Ano 89 \u2013 Gest\u00e3o 90\/91<\/h3>\n\n\n\n<p>Presidente \u2013 Luiz Fernando Lopes Fernandes<br>Vice Presidente \u2013 F\u00e1bio cabral Silva<br>Secret\u00e1rio \u2013 Vera L\u00facia Parenza<br>1\u00ba Secret\u00e1rio \u2013 Lu\u00eds Suertegaray Neto<br>Tesoureiro \u2013 Jorge Alberto Severo Gon\u00e7alves<br>1\u00ba Tesoureiro \u2013 V\u00edtor Ant\u00f4nio de Oliveira Neto<br>Diretro de Cultura \u2013 Geovani Orneles da Silva<br>Diretro de Esportes \u2013 Alexandre Luzzi Rodrigues<br>Diretor de Divulga\u00e7\u00e3o \u2013 Paulo Ricardo Schenato<\/p>\n\n\n\n<p>Conselho Deliberativo Efetivos:<\/p>\n\n\n\n<p>Marise Saran da Rosa<br>M\u00e1rio Luis Cardoso<br>Jos\u00e9 Carlos Ferreira<br>Marco Ant\u00f4nio Arenhart<br>Vera Martinez Guimar\u00e3es<br>Plinio de Lucena<br>Marco Val\u00e9rio da Costa Teixeira<br>Janilton Dorneles Alves<\/p>\n\n\n\n<p>Conselho Deliberativo Suplentes:<\/p>\n\n\n\n<p>Jos\u00e9 Ricardo Xavier da Costa<br>Ricardo Pilla Freitas<br>Adail Pedroso Rosa<br>Luis Fernando da Silva Fernandes<br>J\u00falio C\u00e9zar Lang D\u00f3ria<br>Simone Teixeira Gasperini<\/p>\n\n\n\n<p>Conselho Fiscal Efetivos:<\/p>\n\n\n\n<p>Dami\u00e3o Ubirajara Oliveira<br>Jussinara Magda Pilau<br>Adriano da Silva Rodrigues<\/p>\n\n\n\n<p>Conselho Fiscal Suplentes:<\/p>\n\n\n\n<p>Amarildo Censi Morlin<br>Ana L\u00facia Lopes Garcia<br>J\u00falio Cezar da Silva<\/p>\n\n\n\n<h3 class=\"wp-block-heading\">Ano 91 \u2013 Gest\u00e3o 92\/93<\/h3>\n\n\n\n<p>Presidente \u2013 F\u00e1bio Cabral Silva<br>Vice Presidente \u2013 Everton Hartwig<br>Secret\u00e1rio \u2013 Simone Chandler<br>1\u00ba Secret\u00e1rio \u2013 Eliana Pires Ramos<br>Tesoureiro \u2013 Jos\u00e9 Jaime S\u00edrio<br>1\u00ba Tesoureiro \u2013 Marissom Sant\u2019Ana<br>Diretor de Cultura \u2013 Telma Celanira de Deus Pereira<br>Diretor de Esporte \u2013 Lidio Herminio Freitas J\u00fanior<br>Diretor de Divulga\u00e7\u00e3o e Rela\u00e7\u00f5es P\u00fablicas \u2013 Lu\u00eds Ant\u00f4nio Klein<\/p>\n\n\n\n<p>Conselho Deliberativo Efetivos:<\/p>\n\n\n\n<p>Carlos Augusto Pinto Meyer<br>C\u00e9sar RobertoContri<br>Elisete Lago Costa<br>Marjane Zen da Costa<br>Jusinara Magda Pilau<br>Jorge Lu\u00eds de Castro Menezes<br>Maria Tereza Passuelo de Freitas<br>Plinio de Lucena<br>Zulmino Jacedir Tartari<\/p>\n\n\n\n<p>Conselho Deliberativo Suplentes:<\/p>\n\n\n\n<p>Clenise Velleda Teixeira<br>Paulo Ricardo Arenhardt<br>M\u00e1rio Alves Garcia<br>Marcio Luis Aumond<br>Naya Fontoura Duarte<br>Janilton Dorneles Alves<br>M\u00e1rio Lu\u00eds Cardoso<br>Jos\u00e9 Ricardo Xavier da Costa<br>Lu\u00eds Ant\u00f4nio Pereira<\/p>\n\n\n\n<p>Conselho Fiscal Efetivos:<\/p>\n\n\n\n<p>Luiz Suertegaray Neto<br>Paulo Ricardo Duarte<br>Lu\u00eds Roberto Araujo<\/p>\n\n\n\n<p>Conselho Fiscal Suplentes:<\/p>\n\n\n\n<p>Alexandre Paulo Camargo<br>Cl\u00e1udio Bassegio Rom\u00e3o<br>J\u00falio Lang Doria<\/p>\n\n\n\n<h3 class=\"wp-block-heading\">Ano 1993 Gest\u00e3o 94\/95<\/h3>\n\n\n\n<p>Presidente \u2013 Jos\u00e9 Aracyldes de Holleben Filho<br>Vice Presidente \u2013 Marco Val\u00e9rio da Costa Texeira<br>Secret\u00e1rio Geral \u2013 Paulo Ricardo Barbosa Guimar\u00e3es<br>1\u00ba Secret\u00e1rio \u2013 Jorge Marcelino Cunha cavalheiro<br>Tesoureiro \u2013 Rog\u00e9rio de Souza Vieira<br>1\u00ba Tesoureiro \u2013 Francisco Cyrillo da Costa<br>Diretor de Cultura \u2013 Jos\u00e9 Luis Gomes de Mattos<br>Diretor de Esporte \u2013 Jurandir Mello Florisbal<br>Diretor de Divulga\u00e7\u00e3o e Rela\u00e7\u00f5es P\u00fablicas \u2013 Geovane Orneles da Silva<\/p>\n\n\n\n<p>Conselho Deliberativo Efetivos:<\/p>\n\n\n\n<p>Carlos Rog\u00e9rio Teixeira<br>Vera Lucia Pocas de Carvalho<br>Carlos Alberto Adolpho<br>Eduardo Silva Casco<br>Alberto Viecelli Filho<br>Neida Rejane Mendon\u00e7a<br>Juarez Teofilo Monteiro<br>Jos\u00e9 Gregorio Trindade<\/p>\n\n\n\n<p>Conselho Deliberativo Suplentes:<\/p>\n\n\n\n<p>Rosa Emilia Lima da Rosa<br>Vilsom Maciel da Cunha<br>Vitor Hugo Nunes de Oliveira<br>Carlos Alberto Kulmann da Cruz<br>Cleber Ricardo Teixeira Muller<br>Daura Ester Jorge de Camargo<br>Renato Pepe Lucas<br>Paulo Roberto Heidrich da Silva<\/p>\n\n\n\n<p>Conselho Fiscal Efetivos:<\/p>\n\n\n\n<p>Paulo Ricardo Duarte<br>Walmir Roberto Costa<\/p>\n\n\n\n<p>Conselho Fiscal Suplentes:<\/p>\n\n\n\n<p>Amilcar machado dos Santos<br>S\u00f4nia Maciel Kraemer<br>Jos\u00e9 Paulo ChiChurra<\/p>\n\n\n\n<h3 class=\"wp-block-heading\">Ano 96 Gest\u00e3o 96\/97<\/h3>\n\n\n\n<p>Presidente \u2013 Luiz Carlos Klasen<br>Vice Presidente \u2013 Adriano da Silva Rodrigues<br>Secret\u00e1rio Geral \u2013 Vanderlei Jo\u00e3o Argenton<br>1\u00ba Secret\u00e1rio \u2013 Cleto de Amorim Travessas J\u00fanior<br>Tesoureiro \u2013 J\u00falio C\u00e9sar Barel Alves<br>1\u00ba Tesoureiro \u2013 Arturina Maria Oliveira Silva<br>Diretor de Cultura \u2013 Jo\u00e3o Alberto Cardoso de Farias<br>Diretor de Esporte \u2013 Mariano Almey Pinto Araujo<br>Diretor de Divulga\u00e7\u00e3o e Rela\u00e7\u00f5es P\u00fablicas \u2013Jos\u00e9 Jaime Trindade S\u00edrio<\/p>\n\n\n\n<p>Conselho Deliberativo Efetivos:<\/p>\n\n\n\n<p>Loiva Paulistch de Camargo<br>Carlos Augusto Pinto Meyer<br>Gabriel Eduardo Rodrigues<br>Pedro Mauricio Brentano<br>Luiz Fernando Lopes Fernandes<br>Jos\u00e9 Marranghello<br>Cirlei Terezinha de Oliveira<br>Sidnei Paix\u00e3o Leal<\/p>\n\n\n\n<p>Conselho Deliberativo Suplentes:<\/p>\n\n\n\n<p>Carlos Ely de Azeredo<br>Conselho Fiscal Efetivo:<br>Nara Teresinha Rehm<br>Paulo Roberto Konsen<br>Teresa Maria Guimar\u00e3es Facchin<\/p>\n\n\n\n<p>Conselho Fiscal Suplentes:<\/p>\n\n\n\n<p>Marlene Benvegnu<br>Ana Cristina Linck Fernandes Vieira<br>Nilson Moretto<\/p>\n\n\n\n<h3 class=\"wp-block-heading\">Ano 98 Gest\u00e3o 98\/99<\/h3>\n\n\n\n<p>Presidente \u2013Adriano da Silva Rodrigues<br>Vice Presidente \u2013 Luiz Carlos Pinheiro Klasen<br>Tesoureiro \u2013 J\u00falio C\u00e9sar Barel Alves<br>Diretor de Esporte \u2013 Mariano Almey Pinto Araujo<br>Diretor de Rela\u00e7\u00f5es P\u00fablicas \u2013Jos\u00e9 Pedro Molina Moraes<\/p>\n\n\n\n<p>Conselho Deliberativo Efetivos:<\/p>\n\n\n\n<p>Fl\u00e1vio Luiz da Silva Boldrini<br>Denise da Silva Cruz<br>M\u00e1rio Alves Garcia<br>Cirlei Terezinha de Oliveira<br>Andr\u00e9 Augusto Melo Soares<\/p>\n\n\n\n<p>Conselho Deliberativo Suplentes:<\/p>\n\n\n\n<p>Luiz Fernando Lopes Fernandes<br>Tereza Maria Fachchin<br>Conselho Fiscal Efetivo<br>Renato Oliveira Azevedo<br>Terezinha Toniolo Marcadenti<br>Arturina Maria de Oliveira Silva<br>Conselho Fiscal Suplente<br>Carlos Augusto Pinto Meyer<br>Jo\u00e3o Alberto Cardoso de Farias<\/p>\n\n\n\n<h3 class=\"wp-block-heading\">Gest\u00e3o 2000\/2001<\/h3>\n\n\n\n<p><strong>Ano 2001 &#8211; Associa\u00e7\u00e3o dos Funcion\u00e1rios das Empresas do Grupo Banrisul &#8211; AGBAN<\/strong><\/p>\n\n\n\n<p>Presidente \u2013Adriano da Silva Rodrigues<br>Vice Presidente \u2013 Andr\u00e9 Augusto Melo Soares<br>Diretor Financeiro &#8211; J\u00falio C\u00e9sar Barel Alves<br>Secret\u00e1rio Geral &#8211; Luiz Carlos Pinheiro Klasen<\/p>\n\n\n\n<p>Conselho Deliberativo Efetivos:<\/p>\n\n\n\n<p>Ana Regina Pires da Silva<br>Dami\u00e3o Ubirajara de Oliveira<br>Hugo C\u00e9sar Phillip<br>Sarajane Flores Gil<br>S\u00e9rgio Luiz Salazar<\/p>\n\n\n\n<p>Conselho Deliberativo Suplentes:<\/p>\n\n\n\n<p>Eric Krieger Von Borowski<br>M\u00e1rio Alves Garcia<br>Regina Lacerda dos Santos<br>Conselho Fiscal Efetivo<br>Jorge Alberto severo Gon\u00e7alves<br>Tereza Maria Fachchin<br>Terezinha Toniolo Marcadenti<\/p>\n\n\n\n<p>Conselho Fiscal Suplente<\/p>\n\n\n\n<p>Jos\u00e9 Pedro Molina Moraes<br>Denise da Silva Cruz<\/p>\n\n\n\n<h3 class=\"wp-block-heading\">Ano 2002 Gest\u00e3o 2002\/2003<\/h3>\n\n\n\n<p>Presidente \u2013Adriano da Silva Rodrigues<br>Vice Presidente \u2013 Tereza Maria Guimar\u00e3es Facchin<br>Diretor Financeiro &#8211; J\u00falio C\u00e9sar Barel Alves<br>Secret\u00e1rio Geral \u2013 S\u00e9rgio Luiz Salazar<\/p>\n\n\n\n<h3 class=\"wp-block-heading\">Gest\u00e3o 2004\/2005 prorroga\u00e7\u00e3o Gest\u00e3o 2006\/2007<\/h3>\n\n\n\n<p>Presidente \u2013Adriano da Silva Rodrigues<br>Vice Presidente \u2013 Carlos Roberto Valmorbida<br>Diretor Financeiro &#8211; J\u00falio C\u00e9sar Barel Alves<br>Secret\u00e1rio Geral \u2013 S\u00e9rgio Luiz Salazar<\/p>\n\n\n\n<p>Conselho Deliberativo Efetivos:<\/p>\n\n\n\n<p>Mario Alves Garcia<br>Maria Elisa Nat\u00e1lia Montano marques<br>M\u00e1rcia Nunes dos Santos<br>Olavo Ferdinand Zwartjes<br>Mateus Germano Cardoso<\/p>\n\n\n\n<p>Conselho Deliberativo Suplentes:<\/p>\n\n\n\n<p>Ros\u00e2ngela Ribeiro da Silveira<br>Andr\u00e9 Melo dos Santos<br>Conselho Fiscal Efetivo<br>Cleber Augusto Fardin<br>Fl\u00e1vio Augusto da Silva<br>Nora Nei Montardo<\/p>\n\n\n\n<p>Conselho Fiscal Suplente<\/p>\n\n\n\n<p>\u00c2ngela Massochini Zwartjes<br>Carlos Alberto Adolpho<\/p>\n\n\n\n<h3 class=\"wp-block-heading\">Ano 2008 Gest\u00e3o 2009\/2010<\/h3>\n\n\n\n<p>Presidente \u2013Carlos Henrique de Almeida<br>Vice Presidente \u2013 Carlos Rog\u00e9rio Teixeira<br>Diretor Financeiro \u2013 Alexandre Gay de Mattos<br>Secret\u00e1rio Geral \u2013 Alfredo Santanna Vaz<\/p>\n\n\n\n<p>Conselho Deliberativo Efetivos:<\/p>\n\n\n\n<p>Cibeles Bottini da Silva<br>Ivo Cabeleira Mendon\u00e7a<br>Lizane Maria Souza Franco<br>Rosaura Ribeiro<br>Olavo Ferdinand Zwartjes<\/p>\n\n\n\n<p>Conselho Deliberativo Suplentes:<\/p>\n\n\n\n<p>M\u00e1rcia Silveira da Silva<br>Henrique Aroldo Antunes de Oliveira<\/p>\n\n\n\n<p>Conselho Fiscal Efetivo<\/p>\n\n\n\n<p>L\u00e9gia Teresinha Correa Vargas<br>Alexandre Lenzi da Silva<br>J\u00f3 de Souza Couto<\/p>\n\n\n\n<p>Conselho Fiscal Suplente<\/p>\n\n\n\n<p>Ricardo Freitas Bertoldi<br>Jader Peres Nunes<\/p>\n\n\n\n<h3 class=\"wp-block-heading\">Gest\u00e3o 2011\/2012<\/h3>\n\n\n\n<p>DIRETORIA EXECUTIVA<\/p>\n\n\n\n<p>Presidente : Carlos Henrique de Almeida \u2013 DG\/UAS\/Processos Oficiais \u2013 Delegado Sindical<br>Vice-Presidenta: Clara Maria Barcellos Segala \u2013 Ag. Parc\u00e3o \u2013 Delegada Sindical<br>Diretora Financeira: Rejane Michaelsen Farias \u2013 Ag. Central \u2013 Delegada Sindical<br>Secret\u00e1rio-Geral : Jos\u00e9 Guilherme B. Nobrega \u2013 Ag. Borges de Medeiros \/PAB PROCERGS\u2013 Delegado Sindical<\/p>\n\n\n\n<p>CONSELHO DELIBERATIVO<br>Efetivos:<\/p>\n\n\n\n<p>Simone Ferreira Marta \u2013 Ag. S\u00e3o Jo\u00e3o<br>Robson Mascolo Fernandes \u2013 DG\/Controladoria<br>Eduardo Ossanes Rodrigues \u2013 Ag. Borges de Medeiros\/PAB Pal\u00e1cio da Justi\u00e7a<br>Cristiane de Oliveira Bauska \u2013 Ag. Jo\u00e3o Pessoa<br>Carlos Alberto Abelin \u2013 Ag. Espumoso \u2013 Delegado Sindical<\/p>\n\n\n\n<p>Suplentes:<br>Carlos Rog\u00e9rio Teixeira \u2013 DG\/UAS\/Compe\/Noite \u2013 Delegado Sindical<br>Marcos Ant\u00f4nio Bilo Martins \u2013 DG\/UREC<br>Luiz Fernando Carbone \u2013 DG\/UAS\/Compe\/Noite<\/p>\n\n\n\n<p>CONSELHO FISCAL<br>Efetivos:<\/p>\n\n\n\n<p>Meriane Gewehr Flores \u2013 DG\/Gest\u00e3o Corporativa \u2013 Delegada Sindical<br>Vagner Debom Eifler \u2013 Ag. Pedras Brancas (Gua\u00edba) \u2013 Delegado Sindical<br>Leandro Zanetti Paiva da Rosa \u2013 DG\/Desenvolvimento de Sistemas ( pr\u00e9dio Santander)<\/p>\n\n\n\n<p>Suplentes:<\/p>\n\n\n\n<p>Rafael Severino da Silva \u2013 Ag. Duque de Caxias<br>Caren Beatriz Salvador \u2013 DG\/ASJUR<\/p>\n\n\n\n<h3 class=\"wp-block-heading\">Gest\u00e3o 2013\/2014<\/h3>\n\n\n\n<p>Diretoria Executiva :<\/p>\n\n\n\n<p>Presidente : Carlos Henrique de Almeida &#8211; Unidade de Atendimento e Servi\u00e7os \u2013 Del.Sindical<br>Vice-Presidente : Clara Maria Barcellos Segala \u2013 Ag. Parc\u00e3o \u2013 Del. Sindical<br>Diretoria Financeira : Rejane Michaelsen Farias \u2013 Ag. Central \u2013 Del. Sindical<br>Secret\u00e1ria Geral : Jos\u00e9 Guilherme B. N\u00f3brega \u2013 Ag. Borges de Medeiros \u2013 Del. Sindical<\/p>\n\n\n\n<p>Conselho Deliberativo<br>Efetivos :<\/p>\n\n\n\n<p>Ana Paula Pereira Barreto \u2013 Ag. Av. Beira Rio \u2013 Del. Sindical<br>Diego Weidemann Rache Vitello \u2013 Ag. Poder Judici\u00e1rio \u2013 Del. Sindical<br>Robson Mascolo Fernandes \u2013 Aposentado<br>Simone Ferreira Marta \u2013 Unidade de Recupera\u00e7\u00e3o de T\u00edtulos<\/p>\n\n\n\n<p>Suplentes :<\/p>\n\n\n\n<p>Carlos Alberto Abelin \u2013 Ag. Espumoso \u2013 Del. Sindical<br>Douglas Goulart Campelo \u2013 Unidade de Desenvolvimento de Sistemas \u2013 Del.Sindical<br>Wilson Ver\u00edssimo da Fonseca \u2013 Aposentado<\/p>\n\n\n\n<p>Conselho Fiscal<br>Efetivos<\/p>\n\n\n\n<p>Darlan Fagundes Barbosa \u2013 Aposentado<br>Leandro Zanetti Paiva da Rosa &#8211; Unidade de Desenvolvimento de Sistemas \u2013 Cipeiro<br>Vagner Debom Eifler \u2013 Ag. Pedras Brancas ( Gua\u00edba) \u2013 Del. Sindical<\/p>\n\n\n\n<p>Suplentes<\/p>\n\n\n\n<p>Fabiano Elias Brunes \u2013 Ag. Rua da Praia \u2013 Del. Sindical<br>Joel Corleta Martins \u2013 Aposentado.<br>Presidente : Carlos Henrique de Almeida &#8211; Unidade de Atendimento e Servi\u00e7os \u2013 Del.Sindical<br>Vice-Presidente : Clara Maria Barcellos Segala \u2013 Ag. Parc\u00e3o \u2013 Del. Sindical<br>Diretoria Financeira : Rejane Michaelsen Farias \u2013 Ag. Central \u2013 Del. Sindical<br>Secret\u00e1ria Geral : Analice Prochnow Leit\u00e3o &#8211; Aposentada<\/p>\n\n\n\n<p>Conselho Deliberativo<br>Efetivos:<\/p>\n\n\n\n<p>Ana Paula Pereira Barreto \u2013 Ag. Av. Beira Rio \u2013 Del. SindicalJos\u00e9 Guilherme B. N\u00f3brega \u2013 Ag. Borges de Medeiros \u2013 Del. Sindical<br>Robson Mascolo Fernandes \u2013 Aposentado<br>Simone Ferreira Marta \u2013 Unidade de Recupera\u00e7\u00e3o de T\u00edtulos<\/p>\n\n\n\n<p>Suplentes:<\/p>\n\n\n\n<p>Carlos Alberto Abelin \u2013 Ag. Espumoso \u2013 Del. Sindical<br>Douglas Goulart Campelo \u2013 Unidade de Desenvolvimento de Sistemas \u2013 Del.Sindical<br>Auri Antonio Brum \u2013 Aposentado<\/p>\n\n\n\n<p>Conselho Fiscal<br>Efetivos:<\/p>\n\n\n\n<p>Darlan Fagundes Barbosa \u2013 Aposentado<br>Leandro Zanetti Paiva da Rosa &#8211; Unidade de Desenvolvimento de Sistemas \u2013 Cipeiro<br>Vagner Debom Eifler \u2013 Ag. Pedras Brancas ( Gua\u00edba) \u2013 Del. Sindical<\/p>\n\n\n\n<p>Suplentes:<\/p>\n\n\n\n<p>Fabiano Elias Brunes \u2013 Ag. Rua da Praia \u2013 Del. Sindical<br>Joel Corleta Martins \u2013 Aposentado.<\/p>\n\n\n\n<hr class=\"wp-block-separator has-alpha-channel-opacity\"\/>\n","protected":false},"excerpt":{"rendered":"<p>Atual Gest\u00e3o 2025\/2026 Presidente: Carlos Henrique de AlmeidaVice presidente: Jorge Luiz Moresco NeryDiretor Financeiro: Luiz Cl\u00e1udio BizarroSecret\u00e1ria Geral: Rosana Pinheiro&#8230;<\/p>\n","protected":false},"author":1,"featured_media":0,"parent":0,"menu_order":0,"comment_status":"closed","ping_status":"closed","template":"","meta":[],"_links":{"self":[{"href":"https:\/\/agban.org.br\/web\/wp-json\/wp\/v2\/pages\/3070"}],"collection":[{"href":"https:\/\/agban.org.br\/web\/wp-json\/wp\/v2\/pages"}],"about":[{"href":"https:\/\/agban.org.br\/web\/wp-json\/wp\/v2\/types\/page"}],"author":[{"embeddable":true,"href":"https:\/\/agban.org.br\/web\/wp-json\/wp\/v2\/users\/1"}],"replies":[{"embeddable":true,"href":"https:\/\/agban.org.br\/web\/wp-json\/wp\/v2\/comments?post=3070"}],"version-history":[{"count":6,"href":"https:\/\/agban.org.br\/web\/wp-json\/wp\/v2\/pages\/3070\/revisions"}],"predecessor-version":[{"id":5738,"href":"https:\/\/agban.org.br\/web\/wp-json\/wp\/v2\/pages\/3070\/revisions\/5738"}],"wp:attachment":[{"href":"https:\/\/agban.org.br\/web\/wp-json\/wp\/v2\/media?parent=3070"}],"curies":[{"name":"wp","href":"https:\/\/api.w.org\/{rel}","templated":true}]}}