{"id":3181,"date":"2017-05-10T12:55:15","date_gmt":"2017-05-10T15:55:15","guid":{"rendered":"http:\/\/agban.org.br\/?page_id=3181"},"modified":"2017-05-10T12:55:15","modified_gmt":"2017-05-10T15:55:15","slug":"associe-se","status":"publish","type":"page","link":"https:\/\/agban.org.br\/web\/associe-se\/","title":{"rendered":"ASSOCIE-SE"},"content":{"rendered":"<div class=\"wpb-content-wrapper\"><p>[vc_row][vc_column][vc_cta h2=&#8221;Torne a AGBAN mais forte!&#8221; add_button=&#8221;bottom&#8221; btn_title=&#8221;FICHA CADASTRAL&#8221; btn_color=&#8221;primary&#8221; btn_link=&#8221;url:http%3A%2F%2Fwww.agban.org.br%2Fagbanweb%2Fcadastro_agban_pesq.php|title:FICHA%20CADASTRAL%20AGBAN|target:%20_blank|rel:nofollow&#8221;]Associe-se e passe a usufruir de todos os benef\u00edcios que uma associa\u00e7\u00e3o forte e realmente interessada em voc\u00ea pode oferecer.<\/p>\n<p>Caso voc\u00ea j\u00e1 seja associado, tamb\u00e9m pode atualizar seus dados acessando seu cadastro informando CPF e Conta Banc\u00e1ria (Somente digite n\u00fameros, sem h\u00edfens ou pontos).<\/p>\n<p>Em caso de d\u00favidas, contate-nos ![\/vc_cta][\/vc_column][\/vc_row]<\/p>\n<\/div>","protected":false},"excerpt":{"rendered":"<p>[vc_row][vc_column][vc_cta h2=&#8221;Torne a AGBAN mais forte!&#8221; add_button=&#8221;bottom&#8221; btn_title=&#8221;FICHA CADASTRAL&#8221; btn_color=&#8221;primary&#8221; btn_link=&#8221;url:http%3A%2F%2Fwww.agban.org.br%2Fagbanweb%2Fcadastro_agban_pesq.php|title:FICHA%20CADASTRAL%20AGBAN|target:%20_blank|rel:nofollow&#8221;]Associe-se e passe a usufruir de todos os benef\u00edcios que&#8230;<\/p>\n","protected":false},"author":1,"featured_media":3185,"parent":0,"menu_order":0,"comment_status":"closed","ping_status":"closed","template":"","meta":[],"_links":{"self":[{"href":"https:\/\/agban.org.br\/web\/wp-json\/wp\/v2\/pages\/3181"}],"collection":[{"href":"https:\/\/agban.org.br\/web\/wp-json\/wp\/v2\/pages"}],"about":[{"href":"https:\/\/agban.org.br\/web\/wp-json\/wp\/v2\/types\/page"}],"author":[{"embeddable":true,"href":"https:\/\/agban.org.br\/web\/wp-json\/wp\/v2\/users\/1"}],"replies":[{"embeddable":true,"href":"https:\/\/agban.org.br\/web\/wp-json\/wp\/v2\/comments?post=3181"}],"version-history":[{"count":4,"href":"https:\/\/agban.org.br\/web\/wp-json\/wp\/v2\/pages\/3181\/revisions"}],"predecessor-version":[{"id":3187,"href":"https:\/\/agban.org.br\/web\/wp-json\/wp\/v2\/pages\/3181\/revisions\/3187"}],"wp:featuredmedia":[{"embeddable":true,"href":"https:\/\/agban.org.br\/web\/wp-json\/wp\/v2\/media\/3185"}],"wp:attachment":[{"href":"https:\/\/agban.org.br\/web\/wp-json\/wp\/v2\/media?parent=3181"}],"curies":[{"name":"wp","href":"https:\/\/api.w.org\/{rel}","templated":true}]}}